{"id":23,"date":"2016-02-12T08:12:49","date_gmt":"2016-02-12T08:12:49","guid":{"rendered":"http:\/\/demos.famethemes.com\/onepress\/?page_id=23"},"modified":"2021-05-26T16:16:50","modified_gmt":"2021-05-26T16:16:50","slug":"service-title-1","status":"publish","type":"page","link":"https:\/\/click2care.pt\/index.php\/service-title-1\/","title":{"rendered":"O que \u00e9?"},"content":{"rendered":"\t\t<div data-elementor-type=\"wp-page\" data-elementor-id=\"23\" class=\"elementor elementor-23\" data-elementor-post-type=\"page\">\n\t\t\t\t\t\t<section class=\"elementor-section elementor-top-section elementor-element elementor-element-5fd76855 elementor-section-boxed elementor-section-height-default elementor-section-height-default\" data-id=\"5fd76855\" data-element_type=\"section\">\n\t\t\t\t\t\t<div class=\"elementor-container elementor-column-gap-default\">\n\t\t\t\t\t<div class=\"elementor-column elementor-col-100 elementor-top-column elementor-element elementor-element-5ecac859\" data-id=\"5ecac859\" data-element_type=\"column\">\n\t\t\t<div class=\"elementor-widget-wrap elementor-element-populated\">\n\t\t\t\t\t\t<div class=\"elementor-element elementor-element-3b507ee2 elementor-widget elementor-widget-text-editor\" data-id=\"3b507ee2\" data-element_type=\"widget\" data-widget_type=\"text-editor.default\">\n\t\t\t\t<div class=\"elementor-widget-container\">\n\t\t\t\t\t\t\t\t\t<p>O CLICK<strong>2<\/strong>CARE \u00e9 uma solu\u00e7\u00e3o de localiza\u00e7\u00e3o, SOS e despacho de meios. Um servi\u00e7o completo que come\u00e7a com um CLICK e termina com um sorriso&#8230;<\/p>\n<p>Mas como funciona?&#8230;<\/p>\n<p>\u00a0<\/p>\n<p>\u00a0<\/p>\n<p><img fetchpriority=\"high\" decoding=\"async\" class=\"alignnone wp-image-1725 size-full\" src=\"http:\/\/click2care.pt\/wp-content\/uploads\/2021\/05\/C2C-Como-funciona-OPT-scaled.jpg\" alt=\"\" width=\"2560\" height=\"853\" srcset=\"https:\/\/click2care.pt\/wp-content\/uploads\/2021\/05\/C2C-Como-funciona-OPT-scaled.jpg 2560w, https:\/\/click2care.pt\/wp-content\/uploads\/2021\/05\/C2C-Como-funciona-OPT-300x100.jpg 300w, https:\/\/click2care.pt\/wp-content\/uploads\/2021\/05\/C2C-Como-funciona-OPT-1024x341.jpg 1024w, https:\/\/click2care.pt\/wp-content\/uploads\/2021\/05\/C2C-Como-funciona-OPT-768x256.jpg 768w, https:\/\/click2care.pt\/wp-content\/uploads\/2021\/05\/C2C-Como-funciona-OPT-1536x512.jpg 1536w, https:\/\/click2care.pt\/wp-content\/uploads\/2021\/05\/C2C-Como-funciona-OPT-2048x683.jpg 2048w\" sizes=\"(max-width: 2560px) 100vw, 2560px\" \/><\/p>\n<p>\u00a0<\/p>\n<p>Tudo come\u00e7a com um CLICK, o utente pressiona o bot\u00e3o de SOS do seu dispositivo, e de imediato \u00e9 estabelecida uma liga\u00e7\u00e3o com o Centro de Intera\u00e7\u00e3o Digital &#8211; <strong>CDI<\/strong>. Al\u00e9m desta chamada \u00e9 enviada a localiza\u00e7\u00e3o GPS do dispositivo para a plataforma CLICK<strong>2<\/strong>CARE.<\/p>\n<p>No CDI, a chamada \u00e9 atendida e, al\u00e9m da localiza\u00e7\u00e3o ser identificada automaticamente num mapa, a ficha do Utente (com o seu hist\u00f3rico) \u00e9 consultada, sem necessidade de perguntas adicionais.<\/p>\n<p>Esta informa\u00e7\u00e3o pode ser completada com informa\u00e7\u00e3o dada pelo utente e, mediante a necessidade, s\u00e3o acionados os meios de socorro indicados.<\/p>\n<p>O acompanhamento posterior tamb\u00e9m \u00e9 garantido de forma a fechar o ciclo de suporte.<\/p>\n<p>\u00a0<\/p>\n<p>\u00a0<\/p>\n<p>\u00a0<\/p>\n<p>\u00a0<\/p>\n\n<p>\u00a0<\/p>\n\t\t\t\t\t\t\t\t<\/div>\n\t\t\t\t<\/div>\n\t\t\t\t\t<\/div>\n\t\t<\/div>\n\t\t\t\t\t<\/div>\n\t\t<\/section>\n\t\t\t\t<\/div>\n\t\t","protected":false},"excerpt":{"rendered":"<p>O CLICK2CARE \u00e9 uma solu\u00e7\u00e3o de localiza\u00e7\u00e3o, SOS e despacho de meios.<\/p>\n","protected":false},"author":1,"featured_media":0,"parent":0,"menu_order":0,"comment_status":"closed","ping_status":"closed","template":"","meta":{"footnotes":""},"aioseo_notices":[],"_links":{"self":[{"href":"https:\/\/click2care.pt\/index.php\/wp-json\/wp\/v2\/pages\/23"}],"collection":[{"href":"https:\/\/click2care.pt\/index.php\/wp-json\/wp\/v2\/pages"}],"about":[{"href":"https:\/\/click2care.pt\/index.php\/wp-json\/wp\/v2\/types\/page"}],"author":[{"embeddable":true,"href":"https:\/\/click2care.pt\/index.php\/wp-json\/wp\/v2\/users\/1"}],"replies":[{"embeddable":true,"href":"https:\/\/click2care.pt\/index.php\/wp-json\/wp\/v2\/comments?post=23"}],"version-history":[{"count":11,"href":"https:\/\/click2care.pt\/index.php\/wp-json\/wp\/v2\/pages\/23\/revisions"}],"predecessor-version":[{"id":1728,"href":"https:\/\/click2care.pt\/index.php\/wp-json\/wp\/v2\/pages\/23\/revisions\/1728"}],"wp:attachment":[{"href":"https:\/\/click2care.pt\/index.php\/wp-json\/wp\/v2\/media?parent=23"}],"curies":[{"name":"wp","href":"https:\/\/api.w.org\/{rel}","templated":true}]}}